{"id":884,"date":"2024-09-04T08:44:36","date_gmt":"2024-09-04T08:44:36","guid":{"rendered":"https:\/\/holtwilgaard.dk\/?page_id=884"},"modified":"2024-09-30T15:59:35","modified_gmt":"2024-09-30T15:59:35","slug":"workshops-3","status":"publish","type":"page","link":"https:\/\/holtwilgaard.dk\/index.php\/workshops-3\/","title":{"rendered":"Workshops"},"content":{"rendered":"\t\t<div data-elementor-type=\"wp-page\" data-elementor-id=\"884\" class=\"elementor elementor-884\">\n\t\t\t\t<div class=\"elementor-element elementor-element-b35729c e-flex e-con-boxed e-con e-parent\" data-id=\"b35729c\" data-element_type=\"container\" data-e-type=\"container\">\n\t\t\t\t\t<div class=\"e-con-inner\">\n\t\t\t\t<div class=\"elementor-element elementor-element-384827d elementor-widget elementor-widget-text-editor\" data-id=\"384827d\" data-element_type=\"widget\" data-e-type=\"widget\" data-widget_type=\"text-editor.default\">\n\t\t\t\t<div class=\"elementor-widget-container\">\n\t\t\t\t\t\t\t\t\t<p style=\"text-align: center;\">Vi holder m\u00e5lrettede workshops og kurser om arbejdet med udvikling, forbedring og probleml\u00f8sning. Udgangspunktet er de f\u00e6rdigheder, som vi betragter som katalyserende for nyskabelse uanset branche, fag eller jobfunktion:<\/p>\n<h4 style=\"text-align: center;\"><\/h4>\n<ul><\/ul>\t\t\t\t\t\t\t\t<\/div>\n\t\t\t\t<\/div>\n\t\t\t\t\t<\/div>\n\t\t\t\t<\/div>\n\t\t<div class=\"elementor-element elementor-element-5f268e4 e-flex e-con-boxed e-con e-parent\" data-id=\"5f268e4\" data-element_type=\"container\" data-e-type=\"container\">\n\t\t\t\t\t<div class=\"e-con-inner\">\n\t\t\t\t<div class=\"elementor-element elementor-element-f112a41 elementor-widget elementor-widget-heading\" data-id=\"f112a41\" data-element_type=\"widget\" data-e-type=\"widget\" data-widget_type=\"heading.default\">\n\t\t\t\t<div class=\"elementor-widget-container\">\n\t\t\t\t\t<h3 class=\"elementor-heading-title elementor-size-default\">fem universelle f\u00e6rdigheder<\/h3>\t\t\t\t<\/div>\n\t\t\t\t<\/div>\n\t\t\t\t\t<\/div>\n\t\t\t\t<\/div>\n\t\t<div class=\"elementor-element elementor-element-289b74b e-flex e-con-boxed e-con e-parent\" data-id=\"289b74b\" data-element_type=\"container\" data-e-type=\"container\">\n\t\t\t\t\t<div class=\"e-con-inner\">\n\t\t<div class=\"elementor-element elementor-element-ce1e02f e-con-full e-flex e-con e-child\" data-id=\"ce1e02f\" data-element_type=\"container\" data-e-type=\"container\">\n\t\t\t\t<div class=\"elementor-element elementor-element-96dd494 elementor-widget elementor-widget-image\" data-id=\"96dd494\" data-element_type=\"widget\" data-e-type=\"widget\" data-widget_type=\"image.default\">\n\t\t\t\t<div class=\"elementor-widget-container\">\n\t\t\t\t\t\t\t\t\t\t\t\t\t\t\t<img fetchpriority=\"high\" decoding=\"async\" width=\"518\" height=\"482\" src=\"https:\/\/holtwilgaard.dk\/wp-content\/uploads\/2024\/09\/5-faerdigheder.png\" class=\"attachment-large size-large wp-image-1829\" alt=\"5_udviklingsf\u00e6rdighder\" srcset=\"https:\/\/holtwilgaard.dk\/wp-content\/uploads\/2024\/09\/5-faerdigheder.png 518w, https:\/\/holtwilgaard.dk\/wp-content\/uploads\/2024\/09\/5-faerdigheder-300x279.png 300w\" sizes=\"(max-width: 518px) 100vw, 518px\" \/>\t\t\t\t\t\t\t\t\t\t\t\t\t\t\t<\/div>\n\t\t\t\t<\/div>\n\t\t\t\t<\/div>\n\t\t<div class=\"elementor-element elementor-element-5127776 e-con-full e-flex e-con e-child\" data-id=\"5127776\" data-element_type=\"container\" data-e-type=\"container\">\n\t\t\t\t<div class=\"elementor-element elementor-element-87a0b2e elementor-widget elementor-widget-text-editor\" data-id=\"87a0b2e\" data-element_type=\"widget\" data-e-type=\"widget\" data-widget_type=\"text-editor.default\">\n\t\t\t\t<div class=\"elementor-widget-container\">\n\t\t\t\t\t\t\t\t\t<div><br><\/div><ul>\n<li style=\"text-align: left;\">Nysgerrighed &#8211; evnen til at ops\u00f8ge<\/li>\n<li style=\"text-align: left;\">Mod &#8211; evnen til at handle<\/li>\n<li style=\"text-align: left;\">Kognition &#8211; evnen til at tilegne sig nyt<\/li>\n<li style=\"text-align: left;\">Forestillingsevne &#8211; evnen til at se det usete<\/li>\n<li style=\"text-align: left;\">Interaktion &#8211; evnen til at v\u00e6re flere<\/li>\n<\/ul>\t\t\t\t\t\t\t\t<\/div>\n\t\t\t\t<\/div>\n\t\t\t\t<\/div>\n\t\t\t\t\t<\/div>\n\t\t\t\t<\/div>\n\t\t<div class=\"elementor-element elementor-element-631d53f e-flex e-con-boxed e-con e-parent\" data-id=\"631d53f\" data-element_type=\"container\" data-e-type=\"container\">\n\t\t\t\t\t<div class=\"e-con-inner\">\n\t\t\t\t<div class=\"elementor-element elementor-element-38c5d51 elementor-widget elementor-widget-spacer\" data-id=\"38c5d51\" data-element_type=\"widget\" data-e-type=\"widget\" data-widget_type=\"spacer.default\">\n\t\t\t\t<div class=\"elementor-widget-container\">\n\t\t\t\t\t\t\t<div class=\"elementor-spacer\">\n\t\t\t<div class=\"elementor-spacer-inner\"><\/div>\n\t\t<\/div>\n\t\t\t\t\t\t<\/div>\n\t\t\t\t<\/div>\n\t\t\t\t\t<\/div>\n\t\t\t\t<\/div>\n\t\t\t\t<\/div>\n\t\t","protected":false},"excerpt":{"rendered":"<p>Vi holder m\u00e5lrettede workshops og kurser om arbejdet med udvikling, forbedring og probleml\u00f8sning. Udgangspunktet er de f\u00e6rdigheder, som vi betragter som katalyserende for nyskabelse uanset branche, fag eller jobfunktion: fem universelle f\u00e6rdigheder Nysgerrighed &#8211; evnen til at ops\u00f8ge Mod &#8211; evnen til at handle Kognition &#8211; evnen til at tilegne [&hellip;]<\/p>\n","protected":false},"author":1,"featured_media":0,"parent":0,"menu_order":0,"comment_status":"closed","ping_status":"closed","template":"","meta":{"_uag_custom_page_level_css":"","footnotes":""},"class_list":["post-884","page","type-page","status-publish","hentry"],"yoast_head":"<!-- This site is optimized with the Yoast SEO plugin v27.5 - https:\/\/yoast.com\/product\/yoast-seo-wordpress\/ -->\n<title>Workshops - Holt Wilgaard<\/title>\n<meta name=\"robots\" content=\"index, follow, max-snippet:-1, max-image-preview:large, max-video-preview:-1\" \/>\n<link rel=\"canonical\" href=\"https:\/\/holtwilgaard.dk\/index.php\/workshops-3\/\" \/>\n<meta property=\"og:locale\" content=\"da_DK\" \/>\n<meta property=\"og:type\" content=\"article\" \/>\n<meta property=\"og:title\" content=\"Workshops - Holt Wilgaard\" \/>\n<meta property=\"og:description\" content=\"Vi holder m\u00e5lrettede workshops og kurser om arbejdet med udvikling, forbedring og probleml\u00f8sning. Udgangspunktet er de f\u00e6rdigheder, som vi betragter som katalyserende for nyskabelse uanset branche, fag eller jobfunktion: fem universelle f\u00e6rdigheder Nysgerrighed &#8211; evnen til at ops\u00f8ge Mod &#8211; evnen til at handle Kognition &#8211; evnen til at tilegne [&hellip;]\" \/>\n<meta property=\"og:url\" content=\"https:\/\/holtwilgaard.dk\/index.php\/workshops-3\/\" \/>\n<meta property=\"og:site_name\" content=\"Holt Wilgaard\" \/>\n<meta property=\"article:publisher\" content=\"https:\/\/www.facebook.com\/profile.php?id=61565740044933\" \/>\n<meta property=\"article:modified_time\" content=\"2024-09-30T15:59:35+00:00\" \/>\n<meta property=\"og:image\" content=\"https:\/\/holtwilgaard.dk\/wp-content\/uploads\/2024\/09\/5-faerdigheder.png\" \/>\n<meta name=\"twitter:card\" content=\"summary_large_image\" \/>\n<script type=\"application\/ld+json\" class=\"yoast-schema-graph\">{\"@context\":\"https:\\\/\\\/schema.org\",\"@graph\":[{\"@type\":\"WebPage\",\"@id\":\"https:\\\/\\\/holtwilgaard.dk\\\/index.php\\\/workshops-3\\\/\",\"url\":\"https:\\\/\\\/holtwilgaard.dk\\\/index.php\\\/workshops-3\\\/\",\"name\":\"Workshops - Holt Wilgaard\",\"isPartOf\":{\"@id\":\"https:\\\/\\\/holtwilgaard.dk\\\/#website\"},\"primaryImageOfPage\":{\"@id\":\"https:\\\/\\\/holtwilgaard.dk\\\/index.php\\\/workshops-3\\\/#primaryimage\"},\"image\":{\"@id\":\"https:\\\/\\\/holtwilgaard.dk\\\/index.php\\\/workshops-3\\\/#primaryimage\"},\"thumbnailUrl\":\"https:\\\/\\\/holtwilgaard.dk\\\/wp-content\\\/uploads\\\/2024\\\/09\\\/5-faerdigheder.png\",\"datePublished\":\"2024-09-04T08:44:36+00:00\",\"dateModified\":\"2024-09-30T15:59:35+00:00\",\"breadcrumb\":{\"@id\":\"https:\\\/\\\/holtwilgaard.dk\\\/index.php\\\/workshops-3\\\/#breadcrumb\"},\"inLanguage\":\"da-DK\",\"potentialAction\":[{\"@type\":\"ReadAction\",\"target\":[\"https:\\\/\\\/holtwilgaard.dk\\\/index.php\\\/workshops-3\\\/\"]}]},{\"@type\":\"ImageObject\",\"inLanguage\":\"da-DK\",\"@id\":\"https:\\\/\\\/holtwilgaard.dk\\\/index.php\\\/workshops-3\\\/#primaryimage\",\"url\":\"https:\\\/\\\/holtwilgaard.dk\\\/wp-content\\\/uploads\\\/2024\\\/09\\\/5-faerdigheder.png\",\"contentUrl\":\"https:\\\/\\\/holtwilgaard.dk\\\/wp-content\\\/uploads\\\/2024\\\/09\\\/5-faerdigheder.png\",\"width\":518,\"height\":482,\"caption\":\"5_udviklingsf\u00e6rdighder\"},{\"@type\":\"BreadcrumbList\",\"@id\":\"https:\\\/\\\/holtwilgaard.dk\\\/index.php\\\/workshops-3\\\/#breadcrumb\",\"itemListElement\":[{\"@type\":\"ListItem\",\"position\":1,\"name\":\"Hjem\",\"item\":\"https:\\\/\\\/holtwilgaard.dk\\\/\"},{\"@type\":\"ListItem\",\"position\":2,\"name\":\"Workshops\"}]},{\"@type\":\"WebSite\",\"@id\":\"https:\\\/\\\/holtwilgaard.dk\\\/#website\",\"url\":\"https:\\\/\\\/holtwilgaard.dk\\\/\",\"name\":\"Holt Wilgaard\",\"description\":\"inspiration til nye tanker\",\"publisher\":{\"@id\":\"https:\\\/\\\/holtwilgaard.dk\\\/#organization\"},\"alternateName\":\"HW\",\"potentialAction\":[{\"@type\":\"SearchAction\",\"target\":{\"@type\":\"EntryPoint\",\"urlTemplate\":\"https:\\\/\\\/holtwilgaard.dk\\\/?s={search_term_string}\"},\"query-input\":{\"@type\":\"PropertyValueSpecification\",\"valueRequired\":true,\"valueName\":\"search_term_string\"}}],\"inLanguage\":\"da-DK\"},{\"@type\":\"Organization\",\"@id\":\"https:\\\/\\\/holtwilgaard.dk\\\/#organization\",\"name\":\"Holt Wilgaard I\\\/S\",\"alternateName\":\"HW\",\"url\":\"https:\\\/\\\/holtwilgaard.dk\\\/\",\"logo\":{\"@type\":\"ImageObject\",\"inLanguage\":\"da-DK\",\"@id\":\"https:\\\/\\\/holtwilgaard.dk\\\/#\\\/schema\\\/logo\\\/image\\\/\",\"url\":\"https:\\\/\\\/holtwilgaard.dk\\\/wp-content\\\/uploads\\\/2024\\\/08\\\/cropped-IMG_3770_sort.png\",\"contentUrl\":\"https:\\\/\\\/holtwilgaard.dk\\\/wp-content\\\/uploads\\\/2024\\\/08\\\/cropped-IMG_3770_sort.png\",\"width\":3602,\"height\":1603,\"caption\":\"Holt Wilgaard I\\\/S\"},\"image\":{\"@id\":\"https:\\\/\\\/holtwilgaard.dk\\\/#\\\/schema\\\/logo\\\/image\\\/\"},\"sameAs\":[\"https:\\\/\\\/www.facebook.com\\\/profile.php?id=61565740044933\",\"https:\\\/\\\/www.linkedin.com\\\/in\\\/line-holt-wilgaard-3075a712\\\/\"]}]}<\/script>\n<!-- \/ Yoast SEO plugin. -->","yoast_head_json":{"title":"Workshops - Holt Wilgaard","robots":{"index":"index","follow":"follow","max-snippet":"max-snippet:-1","max-image-preview":"max-image-preview:large","max-video-preview":"max-video-preview:-1"},"canonical":"https:\/\/holtwilgaard.dk\/index.php\/workshops-3\/","og_locale":"da_DK","og_type":"article","og_title":"Workshops - Holt Wilgaard","og_description":"Vi holder m\u00e5lrettede workshops og kurser om arbejdet med udvikling, forbedring og probleml\u00f8sning. Udgangspunktet er de f\u00e6rdigheder, som vi betragter som katalyserende for nyskabelse uanset branche, fag eller jobfunktion: fem universelle f\u00e6rdigheder Nysgerrighed &#8211; evnen til at ops\u00f8ge Mod &#8211; evnen til at handle Kognition &#8211; evnen til at tilegne [&hellip;]","og_url":"https:\/\/holtwilgaard.dk\/index.php\/workshops-3\/","og_site_name":"Holt Wilgaard","article_publisher":"https:\/\/www.facebook.com\/profile.php?id=61565740044933","article_modified_time":"2024-09-30T15:59:35+00:00","og_image":[{"url":"https:\/\/holtwilgaard.dk\/wp-content\/uploads\/2024\/09\/5-faerdigheder.png","type":"","width":"","height":""}],"twitter_card":"summary_large_image","schema":{"@context":"https:\/\/schema.org","@graph":[{"@type":"WebPage","@id":"https:\/\/holtwilgaard.dk\/index.php\/workshops-3\/","url":"https:\/\/holtwilgaard.dk\/index.php\/workshops-3\/","name":"Workshops - Holt Wilgaard","isPartOf":{"@id":"https:\/\/holtwilgaard.dk\/#website"},"primaryImageOfPage":{"@id":"https:\/\/holtwilgaard.dk\/index.php\/workshops-3\/#primaryimage"},"image":{"@id":"https:\/\/holtwilgaard.dk\/index.php\/workshops-3\/#primaryimage"},"thumbnailUrl":"https:\/\/holtwilgaard.dk\/wp-content\/uploads\/2024\/09\/5-faerdigheder.png","datePublished":"2024-09-04T08:44:36+00:00","dateModified":"2024-09-30T15:59:35+00:00","breadcrumb":{"@id":"https:\/\/holtwilgaard.dk\/index.php\/workshops-3\/#breadcrumb"},"inLanguage":"da-DK","potentialAction":[{"@type":"ReadAction","target":["https:\/\/holtwilgaard.dk\/index.php\/workshops-3\/"]}]},{"@type":"ImageObject","inLanguage":"da-DK","@id":"https:\/\/holtwilgaard.dk\/index.php\/workshops-3\/#primaryimage","url":"https:\/\/holtwilgaard.dk\/wp-content\/uploads\/2024\/09\/5-faerdigheder.png","contentUrl":"https:\/\/holtwilgaard.dk\/wp-content\/uploads\/2024\/09\/5-faerdigheder.png","width":518,"height":482,"caption":"5_udviklingsf\u00e6rdighder"},{"@type":"BreadcrumbList","@id":"https:\/\/holtwilgaard.dk\/index.php\/workshops-3\/#breadcrumb","itemListElement":[{"@type":"ListItem","position":1,"name":"Hjem","item":"https:\/\/holtwilgaard.dk\/"},{"@type":"ListItem","position":2,"name":"Workshops"}]},{"@type":"WebSite","@id":"https:\/\/holtwilgaard.dk\/#website","url":"https:\/\/holtwilgaard.dk\/","name":"Holt Wilgaard","description":"inspiration til nye tanker","publisher":{"@id":"https:\/\/holtwilgaard.dk\/#organization"},"alternateName":"HW","potentialAction":[{"@type":"SearchAction","target":{"@type":"EntryPoint","urlTemplate":"https:\/\/holtwilgaard.dk\/?s={search_term_string}"},"query-input":{"@type":"PropertyValueSpecification","valueRequired":true,"valueName":"search_term_string"}}],"inLanguage":"da-DK"},{"@type":"Organization","@id":"https:\/\/holtwilgaard.dk\/#organization","name":"Holt Wilgaard I\/S","alternateName":"HW","url":"https:\/\/holtwilgaard.dk\/","logo":{"@type":"ImageObject","inLanguage":"da-DK","@id":"https:\/\/holtwilgaard.dk\/#\/schema\/logo\/image\/","url":"https:\/\/holtwilgaard.dk\/wp-content\/uploads\/2024\/08\/cropped-IMG_3770_sort.png","contentUrl":"https:\/\/holtwilgaard.dk\/wp-content\/uploads\/2024\/08\/cropped-IMG_3770_sort.png","width":3602,"height":1603,"caption":"Holt Wilgaard I\/S"},"image":{"@id":"https:\/\/holtwilgaard.dk\/#\/schema\/logo\/image\/"},"sameAs":["https:\/\/www.facebook.com\/profile.php?id=61565740044933","https:\/\/www.linkedin.com\/in\/line-holt-wilgaard-3075a712\/"]}]}},"uagb_featured_image_src":{"full":false,"thumbnail":false,"medium":false,"medium_large":false,"large":false,"1536x1536":false,"2048x2048":false,"hestia-blog":false},"uagb_author_info":{"display_name":"admin","author_link":"https:\/\/holtwilgaard.dk\/index.php\/author\/admin\/"},"uagb_comment_info":0,"uagb_excerpt":"Vi holder m\u00e5lrettede workshops og kurser om arbejdet med udvikling, forbedring og probleml\u00f8sning. Udgangspunktet er de f\u00e6rdigheder, som vi betragter som katalyserende for nyskabelse uanset branche, fag eller jobfunktion: fem universelle f\u00e6rdigheder Nysgerrighed &#8211; evnen til at ops\u00f8ge Mod &#8211; evnen til at handle Kognition &#8211; evnen til at tilegne [&hellip;]","_links":{"self":[{"href":"https:\/\/holtwilgaard.dk\/index.php\/wp-json\/wp\/v2\/pages\/884","targetHints":{"allow":["GET"]}}],"collection":[{"href":"https:\/\/holtwilgaard.dk\/index.php\/wp-json\/wp\/v2\/pages"}],"about":[{"href":"https:\/\/holtwilgaard.dk\/index.php\/wp-json\/wp\/v2\/types\/page"}],"author":[{"embeddable":true,"href":"https:\/\/holtwilgaard.dk\/index.php\/wp-json\/wp\/v2\/users\/1"}],"replies":[{"embeddable":true,"href":"https:\/\/holtwilgaard.dk\/index.php\/wp-json\/wp\/v2\/comments?post=884"}],"version-history":[{"count":180,"href":"https:\/\/holtwilgaard.dk\/index.php\/wp-json\/wp\/v2\/pages\/884\/revisions"}],"predecessor-version":[{"id":2034,"href":"https:\/\/holtwilgaard.dk\/index.php\/wp-json\/wp\/v2\/pages\/884\/revisions\/2034"}],"wp:attachment":[{"href":"https:\/\/holtwilgaard.dk\/index.php\/wp-json\/wp\/v2\/media?parent=884"}],"curies":[{"name":"wp","href":"https:\/\/api.w.org\/{rel}","templated":true}]}}