{"id":1691,"date":"2024-09-28T17:13:07","date_gmt":"2024-09-28T17:13:07","guid":{"rendered":"https:\/\/holtwilgaard.dk\/?page_id=1691"},"modified":"2024-09-28T17:17:18","modified_gmt":"2024-09-28T17:17:18","slug":"forsoegs-side","status":"publish","type":"page","link":"https:\/\/holtwilgaard.dk\/index.php\/forsoegs-side\/","title":{"rendered":"Fors\u00f8gs side"},"content":{"rendered":"\n<div class=\"wp-block-uagb-container uagb-block-uendusq1 alignfull uagb-is-root-container\"><div class=\"uagb-container-inner-blocks-wrap\">\n<div class=\"wp-block-uagb-info-box uagb-block-kszeumln uagb-infobox__content-wrap  uagb-infobox-icon-above-title uagb-infobox-image-valign-top\"><div class=\"uagb-ifb-content\"><div class=\"uagb-ifb-title-wrap\"><h2 class=\"uagb-ifb-title\"><strong>Et lille udpluk af vores udviklingsprojekter<\/strong><\/h2><\/div><p class=\"uagb-ifb-desc\">Cases gennem de sidste 25 \u00e5rs erfaring med udviklingsarbejde!<\/p><\/div><\/div>\n\n\n\n<div class=\"wp-block-uagb-container uagb-layout-grid uagb-block-tgniqiv2\">\n<div class=\"wp-block-uagb-image alignleft uagb-block-bpswtnea wp-block-uagb-image--layout-default wp-block-uagb-image--effect-static wp-block-uagb-image--align-left\"><figure class=\"wp-block-uagb-image__figure\"><img decoding=\"async\" srcset=\"https:\/\/holtwilgaard.dk\/wp-content\/uploads\/2024\/09\/Billede2-1024x575.png ,https:\/\/holtwilgaard.dk\/wp-content\/uploads\/2024\/09\/Billede2.png 780w, https:\/\/holtwilgaard.dk\/wp-content\/uploads\/2024\/09\/Billede2.png 360w\" sizes=\"auto, (max-width: 480px) 150px\" src=\"https:\/\/holtwilgaard.dk\/wp-content\/uploads\/2024\/09\/Billede2-1024x575.png\" alt=\"\" class=\"uag-image-1708\" width=\"396\" height=\"300\" title=\"Billede2\" loading=\"lazy\" role=\"img\"\/><\/figure><\/div>\n\n\n\n<div class=\"wp-block-uagb-info-box uagb-block-ytcywgwo uagb-infobox__content-wrap  uagb-infobox-icon-above-title uagb-infobox-image-valign-top\"><div class=\"uagb-ifb-content\"><div class=\"uagb-ifb-title-wrap\"><p class=\"uagb-ifb-title-prefix\">#1 Projekt<\/p><h3 class=\"uagb-ifb-title\">I byggebranchen er god kundekommunikation udfordrende<\/h3><\/div><p class=\"uagb-ifb-desc\"><strong>Men hvad nu hvis<\/strong>\u00a0man udviklede en multiplatforms kommunikations app til anvendelse for byggefirmaer og deres kunder gennem alle faser. Fra byggedr\u00f8m til husdesign, byggeproces og endelig service. En app tilpasset byggefirmaets egne processer med alle relevante dokumenter.<\/p><\/div><\/div>\n<\/div>\n\n\n\n<div class=\"wp-block-uagb-container uagb-block-i2mftfzy\">\n<div class=\"wp-block-uagb-separator uagb-block-sipkz7yc\"><div class=\"wp-block-uagb-separator__inner\" style=\"--my-background-image:\"><\/div><\/div>\n\n\n\n<div class=\"wp-block-uagb-container uagb-layout-grid uagb-block-g6uwjggm\">\n<div class=\"wp-block-uagb-image alignleft uagb-block-j1z58dpt wp-block-uagb-image--layout-default wp-block-uagb-image--effect-static wp-block-uagb-image--align-left\"><figure class=\"wp-block-uagb-image__figure\"><img decoding=\"async\" srcset=\"https:\/\/holtwilgaard.dk\/wp-content\/uploads\/2024\/09\/glenn-carstens-peters-6rkJD0Uxois-unsplash-1024x681.jpg ,https:\/\/holtwilgaard.dk\/wp-content\/uploads\/2024\/09\/glenn-carstens-peters-6rkJD0Uxois-unsplash-scaled.jpg 780w, https:\/\/holtwilgaard.dk\/wp-content\/uploads\/2024\/09\/glenn-carstens-peters-6rkJD0Uxois-unsplash-scaled.jpg 360w\" sizes=\"auto, (max-width: 480px) 150px\" src=\"https:\/\/holtwilgaard.dk\/wp-content\/uploads\/2024\/09\/glenn-carstens-peters-6rkJD0Uxois-unsplash-1024x681.jpg\" alt=\"\" class=\"uag-image-1713\" width=\"396\" height=\"300\" title=\"glenn-carstens-peters-6rkJD0Uxois-unsplash\" loading=\"lazy\" role=\"img\"\/><\/figure><\/div>\n\n\n\n<div class=\"wp-block-uagb-info-box uagb-block-cnlkyyxd uagb-infobox__content-wrap  uagb-infobox-icon-above-title uagb-infobox-image-valign-top\"><div class=\"uagb-ifb-content\"><div class=\"uagb-ifb-title-wrap\"><p class=\"uagb-ifb-title-prefix\">#2 Projekt<\/p><h3 class=\"uagb-ifb-title\">I en medlemsorganisation st\u00e5r kendte l\u00f8sninger i vejen for nye<\/h3><\/div><p class=\"uagb-ifb-desc\"><strong>Men hvad nu hvis<\/strong>\u00a0hele organisationen blev involveret i en kultur\u00e6ndring m\u00e5lrettet nyt\u00e6nkning, motiveret af en revolution\u00e6r inspirationsenhed og med sigte p\u00e5 den n\u00f8dvendige modernisering og de forretningsm\u00e6ssige krav.<\/p><\/div><\/div>\n<\/div>\n\n\n\n<div class=\"wp-block-uagb-separator uagb-block-kkhytlzk\"><div class=\"wp-block-uagb-separator__inner\" style=\"--my-background-image:\"><\/div><\/div>\n\n\n\n<div class=\"wp-block-uagb-container uagb-layout-grid uagb-block-ywcsrje0\">\n<div class=\"wp-block-uagb-image alignleft uagb-block-nndabrtx wp-block-uagb-image--layout-default wp-block-uagb-image--effect-static wp-block-uagb-image--align-left\"><figure class=\"wp-block-uagb-image__figure\"><img decoding=\"async\" srcset=\"https:\/\/holtwilgaard.dk\/wp-content\/uploads\/2024\/09\/snow-mountains-02.jpg \" sizes=\"auto, (max-width: 480px) 150px\" src=\"https:\/\/holtwilgaard.dk\/wp-content\/uploads\/2024\/09\/snow-mountains-02.jpg\" alt=\"\" class=\"uag-image-80578\" width=\"396\" height=\"300\" title=\"\" loading=\"lazy\" role=\"img\"\/><\/figure><\/div>\n\n\n\n<div class=\"wp-block-uagb-info-box uagb-block-p5vdahbn uagb-infobox__content-wrap  uagb-infobox-icon-above-title uagb-infobox-image-valign-top\"><div class=\"uagb-ifb-content\"><div class=\"uagb-ifb-title-wrap\"><p class=\"uagb-ifb-title-prefix\">Highlighted Project 3<\/p><h3 class=\"uagb-ifb-title\">Marketing Campaign Highlights<\/h3><\/div><p class=\"uagb-ifb-desc\">Share some details here. This is a flexible section where you can share anything you want. It could be details or some information about your highlighted work 3.<\/p><\/div><\/div>\n<\/div>\n\n\n\n<div class=\"wp-block-uagb-separator uagb-block-2uyrydxx\"><div class=\"wp-block-uagb-separator__inner\" style=\"--my-background-image:\"><\/div><\/div>\n\n\n\n<div class=\"wp-block-uagb-container uagb-layout-grid uagb-block-qgtqkjjy\">\n<div class=\"wp-block-uagb-image alignleft uagb-block-7t72f8lk wp-block-uagb-image--layout-default wp-block-uagb-image--effect-static wp-block-uagb-image--align-left\"><figure class=\"wp-block-uagb-image__figure\"><img decoding=\"async\" srcset=\"https:\/\/holtwilgaard.dk\/wp-content\/uploads\/2024\/09\/mountains-02.jpg \" sizes=\"auto, (max-width: 480px) 150px\" src=\"https:\/\/holtwilgaard.dk\/wp-content\/uploads\/2024\/09\/mountains-02.jpg\" alt=\"\" class=\"uag-image-80572\" width=\"396\" height=\"300\" title=\"\" loading=\"lazy\" role=\"img\"\/><\/figure><\/div>\n\n\n\n<div class=\"wp-block-uagb-info-box uagb-block-beje0qds uagb-infobox__content-wrap  uagb-infobox-icon-above-title uagb-infobox-image-valign-top\"><div class=\"uagb-ifb-content\"><div class=\"uagb-ifb-title-wrap\"><p class=\"uagb-ifb-title-prefix\">Highlighted Project 4<\/p><h3 class=\"uagb-ifb-title\">Product Launch Triumphs<\/h3><\/div><p class=\"uagb-ifb-desc\">Share some details here. This is a flexible section where you can share anything you want. It could be details or some information about your highlighted work 4.<\/p><\/div><\/div>\n<\/div>\n\n\n\n<div class=\"wp-block-uagb-separator uagb-block-vqbj8fkw\"><div class=\"wp-block-uagb-separator__inner\" style=\"--my-background-image:\"><\/div><\/div>\n<\/div>\n<\/div><\/div>\n\n\n\n<p><\/p>\n","protected":false},"excerpt":{"rendered":"","protected":false},"author":1,"featured_media":0,"parent":0,"menu_order":0,"comment_status":"closed","ping_status":"closed","template":"","meta":{"_uag_custom_page_level_css":"","footnotes":""},"class_list":["post-1691","page","type-page","status-publish","hentry"],"yoast_head":"<!-- This site is optimized with the Yoast SEO plugin v27.4 - https:\/\/yoast.com\/product\/yoast-seo-wordpress\/ -->\n<title>Fors\u00f8gs side - Holt Wilgaard<\/title>\n<meta name=\"robots\" content=\"index, follow, max-snippet:-1, max-image-preview:large, max-video-preview:-1\" \/>\n<link rel=\"canonical\" href=\"https:\/\/holtwilgaard.dk\/index.php\/forsoegs-side\/\" \/>\n<meta property=\"og:locale\" content=\"da_DK\" \/>\n<meta property=\"og:type\" content=\"article\" \/>\n<meta property=\"og:title\" content=\"Fors\u00f8gs side - Holt Wilgaard\" \/>\n<meta property=\"og:url\" content=\"https:\/\/holtwilgaard.dk\/index.php\/forsoegs-side\/\" \/>\n<meta property=\"og:site_name\" content=\"Holt Wilgaard\" \/>\n<meta property=\"article:publisher\" content=\"https:\/\/www.facebook.com\/profile.php?id=61565740044933\" \/>\n<meta property=\"article:modified_time\" content=\"2024-09-28T17:17:18+00:00\" \/>\n<meta property=\"og:image\" content=\"https:\/\/holtwilgaard.dk\/wp-content\/uploads\/2024\/09\/Billede2-1024x575.png\" \/>\n<meta name=\"twitter:card\" content=\"summary_large_image\" \/>\n<meta name=\"twitter:label1\" content=\"Estimeret l\u00e6setid\" \/>\n\t<meta name=\"twitter:data1\" content=\"1 minut\" \/>\n<script type=\"application\/ld+json\" class=\"yoast-schema-graph\">{\"@context\":\"https:\\\/\\\/schema.org\",\"@graph\":[{\"@type\":\"WebPage\",\"@id\":\"https:\\\/\\\/holtwilgaard.dk\\\/index.php\\\/forsoegs-side\\\/\",\"url\":\"https:\\\/\\\/holtwilgaard.dk\\\/index.php\\\/forsoegs-side\\\/\",\"name\":\"Fors\u00f8gs side - Holt Wilgaard\",\"isPartOf\":{\"@id\":\"https:\\\/\\\/holtwilgaard.dk\\\/#website\"},\"primaryImageOfPage\":{\"@id\":\"https:\\\/\\\/holtwilgaard.dk\\\/index.php\\\/forsoegs-side\\\/#primaryimage\"},\"image\":{\"@id\":\"https:\\\/\\\/holtwilgaard.dk\\\/index.php\\\/forsoegs-side\\\/#primaryimage\"},\"thumbnailUrl\":\"https:\\\/\\\/holtwilgaard.dk\\\/wp-content\\\/uploads\\\/2024\\\/09\\\/Billede2-1024x575.png\",\"datePublished\":\"2024-09-28T17:13:07+00:00\",\"dateModified\":\"2024-09-28T17:17:18+00:00\",\"breadcrumb\":{\"@id\":\"https:\\\/\\\/holtwilgaard.dk\\\/index.php\\\/forsoegs-side\\\/#breadcrumb\"},\"inLanguage\":\"da-DK\",\"potentialAction\":[{\"@type\":\"ReadAction\",\"target\":[\"https:\\\/\\\/holtwilgaard.dk\\\/index.php\\\/forsoegs-side\\\/\"]}]},{\"@type\":\"ImageObject\",\"inLanguage\":\"da-DK\",\"@id\":\"https:\\\/\\\/holtwilgaard.dk\\\/index.php\\\/forsoegs-side\\\/#primaryimage\",\"url\":\"https:\\\/\\\/holtwilgaard.dk\\\/wp-content\\\/uploads\\\/2024\\\/09\\\/Billede2-1024x575.png\",\"contentUrl\":\"https:\\\/\\\/holtwilgaard.dk\\\/wp-content\\\/uploads\\\/2024\\\/09\\\/Billede2-1024x575.png\"},{\"@type\":\"BreadcrumbList\",\"@id\":\"https:\\\/\\\/holtwilgaard.dk\\\/index.php\\\/forsoegs-side\\\/#breadcrumb\",\"itemListElement\":[{\"@type\":\"ListItem\",\"position\":1,\"name\":\"Hjem\",\"item\":\"https:\\\/\\\/holtwilgaard.dk\\\/\"},{\"@type\":\"ListItem\",\"position\":2,\"name\":\"Fors\u00f8gs side\"}]},{\"@type\":\"WebSite\",\"@id\":\"https:\\\/\\\/holtwilgaard.dk\\\/#website\",\"url\":\"https:\\\/\\\/holtwilgaard.dk\\\/\",\"name\":\"Holt Wilgaard\",\"description\":\"inspiration til nye tanker\",\"publisher\":{\"@id\":\"https:\\\/\\\/holtwilgaard.dk\\\/#organization\"},\"alternateName\":\"HW\",\"potentialAction\":[{\"@type\":\"SearchAction\",\"target\":{\"@type\":\"EntryPoint\",\"urlTemplate\":\"https:\\\/\\\/holtwilgaard.dk\\\/?s={search_term_string}\"},\"query-input\":{\"@type\":\"PropertyValueSpecification\",\"valueRequired\":true,\"valueName\":\"search_term_string\"}}],\"inLanguage\":\"da-DK\"},{\"@type\":\"Organization\",\"@id\":\"https:\\\/\\\/holtwilgaard.dk\\\/#organization\",\"name\":\"Holt Wilgaard I\\\/S\",\"alternateName\":\"HW\",\"url\":\"https:\\\/\\\/holtwilgaard.dk\\\/\",\"logo\":{\"@type\":\"ImageObject\",\"inLanguage\":\"da-DK\",\"@id\":\"https:\\\/\\\/holtwilgaard.dk\\\/#\\\/schema\\\/logo\\\/image\\\/\",\"url\":\"https:\\\/\\\/holtwilgaard.dk\\\/wp-content\\\/uploads\\\/2024\\\/08\\\/cropped-IMG_3770_sort.png\",\"contentUrl\":\"https:\\\/\\\/holtwilgaard.dk\\\/wp-content\\\/uploads\\\/2024\\\/08\\\/cropped-IMG_3770_sort.png\",\"width\":3602,\"height\":1603,\"caption\":\"Holt Wilgaard I\\\/S\"},\"image\":{\"@id\":\"https:\\\/\\\/holtwilgaard.dk\\\/#\\\/schema\\\/logo\\\/image\\\/\"},\"sameAs\":[\"https:\\\/\\\/www.facebook.com\\\/profile.php?id=61565740044933\",\"https:\\\/\\\/www.linkedin.com\\\/in\\\/line-holt-wilgaard-3075a712\\\/\"]}]}<\/script>\n<!-- \/ Yoast SEO plugin. -->","yoast_head_json":{"title":"Fors\u00f8gs side - Holt Wilgaard","robots":{"index":"index","follow":"follow","max-snippet":"max-snippet:-1","max-image-preview":"max-image-preview:large","max-video-preview":"max-video-preview:-1"},"canonical":"https:\/\/holtwilgaard.dk\/index.php\/forsoegs-side\/","og_locale":"da_DK","og_type":"article","og_title":"Fors\u00f8gs side - Holt Wilgaard","og_url":"https:\/\/holtwilgaard.dk\/index.php\/forsoegs-side\/","og_site_name":"Holt Wilgaard","article_publisher":"https:\/\/www.facebook.com\/profile.php?id=61565740044933","article_modified_time":"2024-09-28T17:17:18+00:00","og_image":[{"url":"https:\/\/holtwilgaard.dk\/wp-content\/uploads\/2024\/09\/Billede2-1024x575.png","type":"","width":"","height":""}],"twitter_card":"summary_large_image","twitter_misc":{"Estimeret l\u00e6setid":"1 minut"},"schema":{"@context":"https:\/\/schema.org","@graph":[{"@type":"WebPage","@id":"https:\/\/holtwilgaard.dk\/index.php\/forsoegs-side\/","url":"https:\/\/holtwilgaard.dk\/index.php\/forsoegs-side\/","name":"Fors\u00f8gs side - Holt Wilgaard","isPartOf":{"@id":"https:\/\/holtwilgaard.dk\/#website"},"primaryImageOfPage":{"@id":"https:\/\/holtwilgaard.dk\/index.php\/forsoegs-side\/#primaryimage"},"image":{"@id":"https:\/\/holtwilgaard.dk\/index.php\/forsoegs-side\/#primaryimage"},"thumbnailUrl":"https:\/\/holtwilgaard.dk\/wp-content\/uploads\/2024\/09\/Billede2-1024x575.png","datePublished":"2024-09-28T17:13:07+00:00","dateModified":"2024-09-28T17:17:18+00:00","breadcrumb":{"@id":"https:\/\/holtwilgaard.dk\/index.php\/forsoegs-side\/#breadcrumb"},"inLanguage":"da-DK","potentialAction":[{"@type":"ReadAction","target":["https:\/\/holtwilgaard.dk\/index.php\/forsoegs-side\/"]}]},{"@type":"ImageObject","inLanguage":"da-DK","@id":"https:\/\/holtwilgaard.dk\/index.php\/forsoegs-side\/#primaryimage","url":"https:\/\/holtwilgaard.dk\/wp-content\/uploads\/2024\/09\/Billede2-1024x575.png","contentUrl":"https:\/\/holtwilgaard.dk\/wp-content\/uploads\/2024\/09\/Billede2-1024x575.png"},{"@type":"BreadcrumbList","@id":"https:\/\/holtwilgaard.dk\/index.php\/forsoegs-side\/#breadcrumb","itemListElement":[{"@type":"ListItem","position":1,"name":"Hjem","item":"https:\/\/holtwilgaard.dk\/"},{"@type":"ListItem","position":2,"name":"Fors\u00f8gs side"}]},{"@type":"WebSite","@id":"https:\/\/holtwilgaard.dk\/#website","url":"https:\/\/holtwilgaard.dk\/","name":"Holt Wilgaard","description":"inspiration til nye tanker","publisher":{"@id":"https:\/\/holtwilgaard.dk\/#organization"},"alternateName":"HW","potentialAction":[{"@type":"SearchAction","target":{"@type":"EntryPoint","urlTemplate":"https:\/\/holtwilgaard.dk\/?s={search_term_string}"},"query-input":{"@type":"PropertyValueSpecification","valueRequired":true,"valueName":"search_term_string"}}],"inLanguage":"da-DK"},{"@type":"Organization","@id":"https:\/\/holtwilgaard.dk\/#organization","name":"Holt Wilgaard I\/S","alternateName":"HW","url":"https:\/\/holtwilgaard.dk\/","logo":{"@type":"ImageObject","inLanguage":"da-DK","@id":"https:\/\/holtwilgaard.dk\/#\/schema\/logo\/image\/","url":"https:\/\/holtwilgaard.dk\/wp-content\/uploads\/2024\/08\/cropped-IMG_3770_sort.png","contentUrl":"https:\/\/holtwilgaard.dk\/wp-content\/uploads\/2024\/08\/cropped-IMG_3770_sort.png","width":3602,"height":1603,"caption":"Holt Wilgaard I\/S"},"image":{"@id":"https:\/\/holtwilgaard.dk\/#\/schema\/logo\/image\/"},"sameAs":["https:\/\/www.facebook.com\/profile.php?id=61565740044933","https:\/\/www.linkedin.com\/in\/line-holt-wilgaard-3075a712\/"]}]}},"uagb_featured_image_src":{"full":false,"thumbnail":false,"medium":false,"medium_large":false,"large":false,"1536x1536":false,"2048x2048":false,"hestia-blog":false},"uagb_author_info":{"display_name":"admin","author_link":"https:\/\/holtwilgaard.dk\/index.php\/author\/admin\/"},"uagb_comment_info":0,"uagb_excerpt":null,"_links":{"self":[{"href":"https:\/\/holtwilgaard.dk\/index.php\/wp-json\/wp\/v2\/pages\/1691","targetHints":{"allow":["GET"]}}],"collection":[{"href":"https:\/\/holtwilgaard.dk\/index.php\/wp-json\/wp\/v2\/pages"}],"about":[{"href":"https:\/\/holtwilgaard.dk\/index.php\/wp-json\/wp\/v2\/types\/page"}],"author":[{"embeddable":true,"href":"https:\/\/holtwilgaard.dk\/index.php\/wp-json\/wp\/v2\/users\/1"}],"replies":[{"embeddable":true,"href":"https:\/\/holtwilgaard.dk\/index.php\/wp-json\/wp\/v2\/comments?post=1691"}],"version-history":[{"count":5,"href":"https:\/\/holtwilgaard.dk\/index.php\/wp-json\/wp\/v2\/pages\/1691\/revisions"}],"predecessor-version":[{"id":1723,"href":"https:\/\/holtwilgaard.dk\/index.php\/wp-json\/wp\/v2\/pages\/1691\/revisions\/1723"}],"wp:attachment":[{"href":"https:\/\/holtwilgaard.dk\/index.php\/wp-json\/wp\/v2\/media?parent=1691"}],"curies":[{"name":"wp","href":"https:\/\/api.w.org\/{rel}","templated":true}]}}