{"id":103,"date":"2024-07-18T07:34:15","date_gmt":"2024-07-18T07:34:15","guid":{"rendered":"https:\/\/holtwilgaard.dk\/?page_id=103"},"modified":"2026-04-19T10:10:04","modified_gmt":"2026-04-19T10:10:04","slug":"konsulentservices","status":"publish","type":"page","link":"https:\/\/holtwilgaard.dk\/index.php\/konsulentservices\/","title":{"rendered":"Om FutureCrafting"},"content":{"rendered":"\t\t<div data-elementor-type=\"wp-page\" data-elementor-id=\"103\" class=\"elementor elementor-103\">\n\t\t\t\t<div class=\"elementor-element elementor-element-79b135f e-flex e-con-boxed e-con e-parent\" data-id=\"79b135f\" data-element_type=\"container\" data-e-type=\"container\">\n\t\t\t\t\t<div class=\"e-con-inner\">\n\t\t\t\t<div class=\"elementor-element elementor-element-c73b883 elementor-widget elementor-widget-spacer\" data-id=\"c73b883\" data-element_type=\"widget\" data-e-type=\"widget\" data-widget_type=\"spacer.default\">\n\t\t\t\t<div class=\"elementor-widget-container\">\n\t\t\t\t\t\t\t<div class=\"elementor-spacer\">\n\t\t\t<div class=\"elementor-spacer-inner\"><\/div>\n\t\t<\/div>\n\t\t\t\t\t\t<\/div>\n\t\t\t\t<\/div>\n\t\t\t\t\t<\/div>\n\t\t\t\t<\/div>\n\t\t<div class=\"elementor-element elementor-element-71bc88d e-flex e-con-boxed e-con e-parent\" data-id=\"71bc88d\" data-element_type=\"container\" data-e-type=\"container\">\n\t\t\t\t\t<div class=\"e-con-inner\">\n\t\t\t\t<div class=\"elementor-element elementor-element-cc746e7 elementor-widget elementor-widget-heading\" data-id=\"cc746e7\" data-element_type=\"widget\" data-e-type=\"widget\" data-widget_type=\"heading.default\">\n\t\t\t\t<div class=\"elementor-widget-container\">\n\t\t\t\t\t<h4 class=\"elementor-heading-title elementor-size-default\">FutureCrafting er en strategisk ledelsesdisciplin, der handler om at forme fremtiden med nysgerrighed og intention<\/h4>\t\t\t\t<\/div>\n\t\t\t\t<\/div>\n\t\t\t\t\t<\/div>\n\t\t\t\t<\/div>\n\t\t<div class=\"elementor-element elementor-element-9b168d3 e-flex e-con-boxed e-con e-parent\" data-id=\"9b168d3\" data-element_type=\"container\" data-e-type=\"container\">\n\t\t\t\t\t<div class=\"e-con-inner\">\n\t\t\t\t<div class=\"elementor-element elementor-element-54ff8d5 elementor-widget elementor-widget-text-editor\" data-id=\"54ff8d5\" data-element_type=\"widget\" data-e-type=\"widget\" data-widget_type=\"text-editor.default\">\n\t\t\t\t<div class=\"elementor-widget-container\">\n\t\t\t\t\t\t\t\t\t<p><b>FutureCrafting<\/b>&nbsp;hj\u00e6lper ledelsen med at navigere i en kompleks og foranderlig verden. Tilgangen bygger p\u00e5 tre s\u00f8jler:&nbsp;<b>Strategi, Struktur og Mennesker<\/b>&nbsp;\u2013 og skaber sammenh\u00e6ng mellem retning, organisering og menneskelig udvikling.<\/p>\n<p>Med<b> FutureCrafting <\/b>f\u00e5r ledelsen et f\u00e6lles sprog og en praktisk ramme til at:<\/p>\n<ul>\n<li>Sikre langsigtet relevans og differentiering<\/li>\n<li>Tilpasse sig nye lovkrav, teknologier og markedsbev\u00e6gelser<\/li>\n<li>Forme og skalere organisationen til at h\u00e5ndtere usikkerhed og udviklingsbehov<\/li>\n<li>Im\u00f8dekomme fremtidens krav til arbejdsmilj\u00f8, trivsel og meningsfuldhed<\/li>\n<\/ul>\t\t\t\t\t\t\t\t<\/div>\n\t\t\t\t<\/div>\n\t\t\t\t\t<\/div>\n\t\t\t\t<\/div>\n\t\t<div class=\"elementor-element elementor-element-8f45511 e-flex e-con-boxed e-con e-parent\" data-id=\"8f45511\" data-element_type=\"container\" data-e-type=\"container\">\n\t\t\t\t\t<div class=\"e-con-inner\">\n\t\t\t\t<div class=\"elementor-element elementor-element-9c19cee elementor-widget-divider--view-line elementor-widget elementor-widget-divider\" data-id=\"9c19cee\" data-element_type=\"widget\" data-e-type=\"widget\" data-widget_type=\"divider.default\">\n\t\t\t\t<div class=\"elementor-widget-container\">\n\t\t\t\t\t\t\t<div class=\"elementor-divider\">\n\t\t\t<span class=\"elementor-divider-separator\">\n\t\t\t\t\t\t<\/span>\n\t\t<\/div>\n\t\t\t\t\t\t<\/div>\n\t\t\t\t<\/div>\n\t\t\t\t\t<\/div>\n\t\t\t\t<\/div>\n\t\t<div class=\"elementor-element elementor-element-839694f e-flex e-con-boxed e-con e-parent\" data-id=\"839694f\" data-element_type=\"container\" data-e-type=\"container\">\n\t\t\t\t\t<div class=\"e-con-inner\">\n\t\t\t\t<div class=\"elementor-element elementor-element-f2063a6 elementor-widget elementor-widget-text-editor\" data-id=\"f2063a6\" data-element_type=\"widget\" data-e-type=\"widget\" data-widget_type=\"text-editor.default\">\n\t\t\t\t<div class=\"elementor-widget-container\">\n\t\t\t\t\t\t\t\t\t<p><a href=\"https:\/\/holtwilgaard.dk\/index.php\/tilmeld-nyhedsbrev\/\"><strong>Tilmeld dig vores nyhedsbrev<\/strong><\/a> og f\u00e5 direkte besked om begivenheder og nyheder!<\/p>\t\t\t\t\t\t\t\t<\/div>\n\t\t\t\t<\/div>\n\t\t\t\t\t<\/div>\n\t\t\t\t<\/div>\n\t\t\t\t<\/div>\n\t\t","protected":false},"excerpt":{"rendered":"<p>FutureCrafting er en strategisk ledelsesdisciplin, der handler om at forme fremtiden med nysgerrighed og intention FutureCrafting\u00a0hj\u00e6lper ledelsen med at navigere i en kompleks og foranderlig verden. Tilgangen bygger p\u00e5 tre s\u00f8jler:\u00a0Strategi, Struktur og Mennesker\u00a0\u2013 og skaber sammenh\u00e6ng mellem retning, organisering og menneskelig udvikling. Med FutureCrafting f\u00e5r ledelsen et f\u00e6lles sprog [&hellip;]<\/p>\n","protected":false},"author":1,"featured_media":0,"parent":0,"menu_order":0,"comment_status":"closed","ping_status":"closed","template":"page-templates\/template-fullwidth.php","meta":{"_uag_custom_page_level_css":"","footnotes":""},"class_list":["post-103","page","type-page","status-publish","hentry"],"yoast_head":"<!-- This site is optimized with the Yoast SEO plugin v27.4 - https:\/\/yoast.com\/product\/yoast-seo-wordpress\/ -->\n<title>Om FutureCrafting - Holt Wilgaard<\/title>\n<meta name=\"robots\" content=\"index, follow, max-snippet:-1, max-image-preview:large, max-video-preview:-1\" \/>\n<link rel=\"canonical\" href=\"https:\/\/holtwilgaard.dk\/index.php\/konsulentservices\/\" \/>\n<meta property=\"og:locale\" content=\"da_DK\" \/>\n<meta property=\"og:type\" content=\"article\" \/>\n<meta property=\"og:title\" content=\"Om FutureCrafting - Holt Wilgaard\" \/>\n<meta property=\"og:description\" content=\"FutureCrafting er en strategisk ledelsesdisciplin, der handler om at forme fremtiden med nysgerrighed og intention FutureCrafting\u00a0hj\u00e6lper ledelsen med at navigere i en kompleks og foranderlig verden. Tilgangen bygger p\u00e5 tre s\u00f8jler:\u00a0Strategi, Struktur og Mennesker\u00a0\u2013 og skaber sammenh\u00e6ng mellem retning, organisering og menneskelig udvikling. Med FutureCrafting f\u00e5r ledelsen et f\u00e6lles sprog [&hellip;]\" \/>\n<meta property=\"og:url\" content=\"https:\/\/holtwilgaard.dk\/index.php\/konsulentservices\/\" \/>\n<meta property=\"og:site_name\" content=\"Holt Wilgaard\" \/>\n<meta property=\"article:publisher\" content=\"https:\/\/www.facebook.com\/profile.php?id=61565740044933\" \/>\n<meta property=\"article:modified_time\" content=\"2026-04-19T10:10:04+00:00\" \/>\n<meta property=\"og:image\" content=\"https:\/\/holtwilgaard.dk\/wp-content\/uploads\/2026\/04\/Hjemmeside_Holt-Wilgaard.png\" \/>\n\t<meta property=\"og:image:width\" content=\"1433\" \/>\n\t<meta property=\"og:image:height\" content=\"792\" \/>\n\t<meta property=\"og:image:type\" content=\"image\/png\" \/>\n<meta name=\"twitter:card\" content=\"summary_large_image\" \/>\n<meta name=\"twitter:label1\" content=\"Estimeret l\u00e6setid\" \/>\n\t<meta name=\"twitter:data1\" content=\"1 minut\" \/>\n<script type=\"application\/ld+json\" class=\"yoast-schema-graph\">{\"@context\":\"https:\\\/\\\/schema.org\",\"@graph\":[{\"@type\":\"WebPage\",\"@id\":\"https:\\\/\\\/holtwilgaard.dk\\\/index.php\\\/konsulentservices\\\/\",\"url\":\"https:\\\/\\\/holtwilgaard.dk\\\/index.php\\\/konsulentservices\\\/\",\"name\":\"Om FutureCrafting - Holt Wilgaard\",\"isPartOf\":{\"@id\":\"https:\\\/\\\/holtwilgaard.dk\\\/#website\"},\"datePublished\":\"2024-07-18T07:34:15+00:00\",\"dateModified\":\"2026-04-19T10:10:04+00:00\",\"breadcrumb\":{\"@id\":\"https:\\\/\\\/holtwilgaard.dk\\\/index.php\\\/konsulentservices\\\/#breadcrumb\"},\"inLanguage\":\"da-DK\",\"potentialAction\":[{\"@type\":\"ReadAction\",\"target\":[\"https:\\\/\\\/holtwilgaard.dk\\\/index.php\\\/konsulentservices\\\/\"]}]},{\"@type\":\"BreadcrumbList\",\"@id\":\"https:\\\/\\\/holtwilgaard.dk\\\/index.php\\\/konsulentservices\\\/#breadcrumb\",\"itemListElement\":[{\"@type\":\"ListItem\",\"position\":1,\"name\":\"Hjem\",\"item\":\"https:\\\/\\\/holtwilgaard.dk\\\/\"},{\"@type\":\"ListItem\",\"position\":2,\"name\":\"Om FutureCrafting\"}]},{\"@type\":\"WebSite\",\"@id\":\"https:\\\/\\\/holtwilgaard.dk\\\/#website\",\"url\":\"https:\\\/\\\/holtwilgaard.dk\\\/\",\"name\":\"Holt Wilgaard\",\"description\":\"inspiration til nye tanker\",\"publisher\":{\"@id\":\"https:\\\/\\\/holtwilgaard.dk\\\/#organization\"},\"alternateName\":\"HW\",\"potentialAction\":[{\"@type\":\"SearchAction\",\"target\":{\"@type\":\"EntryPoint\",\"urlTemplate\":\"https:\\\/\\\/holtwilgaard.dk\\\/?s={search_term_string}\"},\"query-input\":{\"@type\":\"PropertyValueSpecification\",\"valueRequired\":true,\"valueName\":\"search_term_string\"}}],\"inLanguage\":\"da-DK\"},{\"@type\":\"Organization\",\"@id\":\"https:\\\/\\\/holtwilgaard.dk\\\/#organization\",\"name\":\"Holt Wilgaard I\\\/S\",\"alternateName\":\"HW\",\"url\":\"https:\\\/\\\/holtwilgaard.dk\\\/\",\"logo\":{\"@type\":\"ImageObject\",\"inLanguage\":\"da-DK\",\"@id\":\"https:\\\/\\\/holtwilgaard.dk\\\/#\\\/schema\\\/logo\\\/image\\\/\",\"url\":\"https:\\\/\\\/holtwilgaard.dk\\\/wp-content\\\/uploads\\\/2024\\\/08\\\/cropped-IMG_3770_sort.png\",\"contentUrl\":\"https:\\\/\\\/holtwilgaard.dk\\\/wp-content\\\/uploads\\\/2024\\\/08\\\/cropped-IMG_3770_sort.png\",\"width\":3602,\"height\":1603,\"caption\":\"Holt Wilgaard I\\\/S\"},\"image\":{\"@id\":\"https:\\\/\\\/holtwilgaard.dk\\\/#\\\/schema\\\/logo\\\/image\\\/\"},\"sameAs\":[\"https:\\\/\\\/www.facebook.com\\\/profile.php?id=61565740044933\",\"https:\\\/\\\/www.linkedin.com\\\/in\\\/line-holt-wilgaard-3075a712\\\/\"]}]}<\/script>\n<!-- \/ Yoast SEO plugin. -->","yoast_head_json":{"title":"Om FutureCrafting - Holt Wilgaard","robots":{"index":"index","follow":"follow","max-snippet":"max-snippet:-1","max-image-preview":"max-image-preview:large","max-video-preview":"max-video-preview:-1"},"canonical":"https:\/\/holtwilgaard.dk\/index.php\/konsulentservices\/","og_locale":"da_DK","og_type":"article","og_title":"Om FutureCrafting - Holt Wilgaard","og_description":"FutureCrafting er en strategisk ledelsesdisciplin, der handler om at forme fremtiden med nysgerrighed og intention FutureCrafting\u00a0hj\u00e6lper ledelsen med at navigere i en kompleks og foranderlig verden. Tilgangen bygger p\u00e5 tre s\u00f8jler:\u00a0Strategi, Struktur og Mennesker\u00a0\u2013 og skaber sammenh\u00e6ng mellem retning, organisering og menneskelig udvikling. Med FutureCrafting f\u00e5r ledelsen et f\u00e6lles sprog [&hellip;]","og_url":"https:\/\/holtwilgaard.dk\/index.php\/konsulentservices\/","og_site_name":"Holt Wilgaard","article_publisher":"https:\/\/www.facebook.com\/profile.php?id=61565740044933","article_modified_time":"2026-04-19T10:10:04+00:00","og_image":[{"width":1433,"height":792,"url":"https:\/\/holtwilgaard.dk\/wp-content\/uploads\/2026\/04\/Hjemmeside_Holt-Wilgaard.png","type":"image\/png"}],"twitter_card":"summary_large_image","twitter_misc":{"Estimeret l\u00e6setid":"1 minut"},"schema":{"@context":"https:\/\/schema.org","@graph":[{"@type":"WebPage","@id":"https:\/\/holtwilgaard.dk\/index.php\/konsulentservices\/","url":"https:\/\/holtwilgaard.dk\/index.php\/konsulentservices\/","name":"Om FutureCrafting - Holt Wilgaard","isPartOf":{"@id":"https:\/\/holtwilgaard.dk\/#website"},"datePublished":"2024-07-18T07:34:15+00:00","dateModified":"2026-04-19T10:10:04+00:00","breadcrumb":{"@id":"https:\/\/holtwilgaard.dk\/index.php\/konsulentservices\/#breadcrumb"},"inLanguage":"da-DK","potentialAction":[{"@type":"ReadAction","target":["https:\/\/holtwilgaard.dk\/index.php\/konsulentservices\/"]}]},{"@type":"BreadcrumbList","@id":"https:\/\/holtwilgaard.dk\/index.php\/konsulentservices\/#breadcrumb","itemListElement":[{"@type":"ListItem","position":1,"name":"Hjem","item":"https:\/\/holtwilgaard.dk\/"},{"@type":"ListItem","position":2,"name":"Om FutureCrafting"}]},{"@type":"WebSite","@id":"https:\/\/holtwilgaard.dk\/#website","url":"https:\/\/holtwilgaard.dk\/","name":"Holt Wilgaard","description":"inspiration til nye tanker","publisher":{"@id":"https:\/\/holtwilgaard.dk\/#organization"},"alternateName":"HW","potentialAction":[{"@type":"SearchAction","target":{"@type":"EntryPoint","urlTemplate":"https:\/\/holtwilgaard.dk\/?s={search_term_string}"},"query-input":{"@type":"PropertyValueSpecification","valueRequired":true,"valueName":"search_term_string"}}],"inLanguage":"da-DK"},{"@type":"Organization","@id":"https:\/\/holtwilgaard.dk\/#organization","name":"Holt Wilgaard I\/S","alternateName":"HW","url":"https:\/\/holtwilgaard.dk\/","logo":{"@type":"ImageObject","inLanguage":"da-DK","@id":"https:\/\/holtwilgaard.dk\/#\/schema\/logo\/image\/","url":"https:\/\/holtwilgaard.dk\/wp-content\/uploads\/2024\/08\/cropped-IMG_3770_sort.png","contentUrl":"https:\/\/holtwilgaard.dk\/wp-content\/uploads\/2024\/08\/cropped-IMG_3770_sort.png","width":3602,"height":1603,"caption":"Holt Wilgaard I\/S"},"image":{"@id":"https:\/\/holtwilgaard.dk\/#\/schema\/logo\/image\/"},"sameAs":["https:\/\/www.facebook.com\/profile.php?id=61565740044933","https:\/\/www.linkedin.com\/in\/line-holt-wilgaard-3075a712\/"]}]}},"uagb_featured_image_src":{"full":false,"thumbnail":false,"medium":false,"medium_large":false,"large":false,"1536x1536":false,"2048x2048":false,"hestia-blog":false},"uagb_author_info":{"display_name":"admin","author_link":"https:\/\/holtwilgaard.dk\/index.php\/author\/admin\/"},"uagb_comment_info":0,"uagb_excerpt":"FutureCrafting er en strategisk ledelsesdisciplin, der handler om at forme fremtiden med nysgerrighed og intention FutureCrafting\u00a0hj\u00e6lper ledelsen med at navigere i en kompleks og foranderlig verden. Tilgangen bygger p\u00e5 tre s\u00f8jler:\u00a0Strategi, Struktur og Mennesker\u00a0\u2013 og skaber sammenh\u00e6ng mellem retning, organisering og menneskelig udvikling. Med FutureCrafting f\u00e5r ledelsen et f\u00e6lles sprog [&hellip;]","_links":{"self":[{"href":"https:\/\/holtwilgaard.dk\/index.php\/wp-json\/wp\/v2\/pages\/103","targetHints":{"allow":["GET"]}}],"collection":[{"href":"https:\/\/holtwilgaard.dk\/index.php\/wp-json\/wp\/v2\/pages"}],"about":[{"href":"https:\/\/holtwilgaard.dk\/index.php\/wp-json\/wp\/v2\/types\/page"}],"author":[{"embeddable":true,"href":"https:\/\/holtwilgaard.dk\/index.php\/wp-json\/wp\/v2\/users\/1"}],"replies":[{"embeddable":true,"href":"https:\/\/holtwilgaard.dk\/index.php\/wp-json\/wp\/v2\/comments?post=103"}],"version-history":[{"count":236,"href":"https:\/\/holtwilgaard.dk\/index.php\/wp-json\/wp\/v2\/pages\/103\/revisions"}],"predecessor-version":[{"id":3010,"href":"https:\/\/holtwilgaard.dk\/index.php\/wp-json\/wp\/v2\/pages\/103\/revisions\/3010"}],"wp:attachment":[{"href":"https:\/\/holtwilgaard.dk\/index.php\/wp-json\/wp\/v2\/media?parent=103"}],"curies":[{"name":"wp","href":"https:\/\/api.w.org\/{rel}","templated":true}]}}